{"id":133,"date":"2024-02-02T14:03:48","date_gmt":"2024-02-02T14:03:48","guid":{"rendered":"https:\/\/bubblz.ai\/?page_id=133"},"modified":"2026-01-05T10:02:28","modified_gmt":"2026-01-05T10:02:28","slug":"intimite","status":"publish","type":"page","link":"http:\/\/44.218.186.174\/fr\/privacy\/","title":{"rendered":"Confidentialit\u00e9 et cookies"},"content":{"rendered":"<section class=\"bde-section-133-100 bde-section\">\n  \n  \n\t\n\n\n\n<div class=\"section-container\"><div class=\"bde-text-133-101 bde-text\" data-entrance=\"slideUp\">\nJuridique\n<\/div><h1 class=\"bde-heading-133-102 bde-heading\" data-entrance=\"slideUp\">\nPolitique en mati\u00e8re de confidentialit\u00e9 et de cookies\n<\/h1><\/div>\n<\/section><section class=\"bde-section-133-103 bde-section\">\n  \n  \n\t\n\n\n\n<div class=\"section-container\"><div class=\"bde-code-block-133-106 bde-code-block\">\n\n  <body>\n  <p><strong>Date d'entr\u00e9e en vigueur :<\/strong> 5 janvier 2026<br \/>\n  <strong>Derni\u00e8re mise \u00e0 jour :<\/strong> 5 janvier 2026<\/p>\n\n  <p>Cette politique de confidentialit\u00e9 d\u00e9crit comment Surf City Apps LLC (\" nous \", \" notre \" ou \" nos \") recueille, utilise et prot\u00e8ge tes donn\u00e9es personnelles lorsque tu utilises l'application mobile Bubblz et les services connexes (le \u201c Service \u201d).<\/p>\n\n  <p>Nous nous engageons \u00e0 prot\u00e9ger ta vie priv\u00e9e et \u00e0 respecter les lois applicables en mati\u00e8re de protection des donn\u00e9es, y compris le R\u00e8glement g\u00e9n\u00e9ral sur la protection des donn\u00e9es (RGPD) pour les utilisateurs de l'Espace \u00e9conomique europ\u00e9en (EEE).<\/p>\n\n  <h2>1. Qui sommes-nous ?<\/h2>\n  <p>Surf City Apps LLC est une soci\u00e9t\u00e9 bas\u00e9e aux \u00c9tats-Unis :<\/p>\n  <p>\n    440 N Barranca Ave #2975<br \/>\n    Covina, CA 91723, USA<br \/>\n    Courriel : <a href=\"mailto:privacy@bubblz.ai\">privacy@bubblz.ai<\/a><br \/>\n    Site web : <a href=\"https:\/\/bubblz.ai\">https:\/\/bubblz.ai<\/a>\n  <\/p>\n\n  <h2>2. Quelles sont les donn\u00e9es que nous recueillons ?<\/h2>\n  <p>Nous collectons des donn\u00e9es personnelles et des donn\u00e9es d'utilisation en lien avec l'appli Bubblz. Cela inclut :<\/p>\n  <ul>\n    <li><strong>Renseignements personnels :<\/strong> Adresse \u00e9lectronique (connexion au compte) ; UID Firebase (identifiant unique de l'utilisateur) ; surnom et sexe (facultatif) ; langue maternelle et langue d'apprentissage ; niveau de comp\u00e9tence linguistique.<\/li>\n    <li><strong>Donn\u00e9es d'utilisation de l'appli :<\/strong> Historique des chats (par exemple, conversations avec l'IA) ; s\u00e9ries quotidiennes, activit\u00e9 de la session, horodatage ; utilisation des cr\u00e9dits (lignes de vie et utilisation r\u00e9guli\u00e8re) ; utilisation des fonctionnalit\u00e9s (par exemple, correction grammaticale, saisie vocale).<\/li>\n    <li><strong>Appareil et donn\u00e9es techniques :<\/strong> Mod\u00e8le d'appareil et syst\u00e8me d'exploitation ; adresse IP (\u00e9ph\u00e9m\u00e8re) ; version de l'appli ; identifiants d'analyse (par exemple, ID d'attribution).<\/li>\n    <li><strong>Donn\u00e9es d'abonnement :<\/strong> Type de plan (par exemple, Premium, Ultra) ; statut de l'essai et \u00e9tat de l'abonnement ; dates d'expiration et type de plateforme (iOS ou Android).<\/li>\n  <\/ul>\n\n  <h2>3. Comment nous utilisons tes donn\u00e9es<\/h2>\n  <p>Nous utilisons tes donn\u00e9es pour :<\/p>\n  <ul>\n    <li>Fournir l'acc\u00e8s \u00e0 l'appli Bubblz et la faire fonctionner.<\/li>\n    <li>Authentifier les utilisateurs et g\u00e9rer les profils d'utilisateurs<\/li>\n    <li>Personnalise l'exp\u00e9rience de l'appli en fonction de tes pr\u00e9f\u00e9rences linguistiques.<\/li>\n    <li>Alimente les conversations linguistiques pilot\u00e9es par l'IA<\/li>\n    <li>Envoyer les notifications n\u00e9cessaires (par exemple, r\u00e9initialisation du mot de passe, messages de service).<\/li>\n    <li>Contr\u00f4ler et am\u00e9liorer les performances, d\u00e9panner les erreurs et am\u00e9liorer les fonctionnalit\u00e9s de l'appli.<\/li>\n    <li>Comprendre l'engagement des utilisateurs pour am\u00e9liorer les r\u00e9sultats de l'apprentissage.<\/li>\n    <li>T'envoyer du contenu facultatif par courriel (conseils linguistiques, mises \u00e0 jour) lorsque tu acceptes de le faire.<\/li>\n  <\/ul>\n\n  <h2>4. Bases juridiques du traitement (en vertu du GDPR)<\/h2>\n  <p>Si tu es situ\u00e9 dans l'UE\/EEE, nous nous appuyons sur les bases l\u00e9gales suivantes en vertu de l'article 6 du GDPR :<\/p>\n  <ul>\n    <li><strong>Int\u00e9r\u00eats l\u00e9gitimes :<\/strong> Exploiter et s\u00e9curiser l'application<\/li>\n    <li><strong>N\u00e9cessit\u00e9 contractuelle :<\/strong> Authentification de l'utilisateur et stockage des profils<\/li>\n    <li><strong>Consentement :<\/strong> Analyse et optimisation des performances (le cas \u00e9ch\u00e9ant) ; communication facultative par courriel (par exemple, conseils linguistiques).<\/li>\n    <li><strong>Obligation l\u00e9gale :<\/strong> R\u00e9pondre aux demandes l\u00e9gales<\/li>\n  <\/ul>\n\n  <h3>Comment ces bases l\u00e9gales s'appliquent<\/h3>\n  <p>Les exemples suivants illustrent la fa\u00e7on dont nous nous appuyons sur ces bases l\u00e9gales pour des activit\u00e9s de traitement sp\u00e9cifiques :<\/p>\n  <ul>\n    <li><strong>Exploiter et s\u00e9curiser l'appli :<\/strong> Int\u00e9r\u00eats l\u00e9gitimes<\/li>\n    <li><strong>Authentification de l'utilisateur et stockage des profils :<\/strong> N\u00e9cessit\u00e9 contractuelle<\/li>\n    <li><strong>Analyse et optimisation des performances :<\/strong> Consentement (le cas \u00e9ch\u00e9ant)<\/li>\n    <li><strong>Communication par courriel (par exemple, conseils linguistiques) :<\/strong> Consentement<\/li>\n    <li><strong>R\u00e9pondre aux demandes l\u00e9gales :<\/strong> Obligation l\u00e9gale<\/li>\n  <\/ul>\n\n  <h2>5. Comment nous obtenons le consentement<\/h2>\n  <p>Lorsque nous nous appuyons sur le consentement, nous l'obtenons par le biais :<\/p>\n  <ul>\n    <li><strong>Transparence du suivi des applications iOS :<\/strong> Le consentement est demand\u00e9 lorsque le suivi est activ\u00e9<\/li>\n    <li><strong>Marketing par courrier \u00e9lectronique :<\/strong> On te demande de t'inscrire pour recevoir des conseils sur l'apprentissage des langues. Tu peux te d\u00e9sinscrire \u00e0 tout moment.<\/li>\n    <li><strong>Accords in-app :<\/strong> Lors de l'onboarding ou de l'ouverture de session, les utilisateurs acceptent nos conditions et cette politique de confidentialit\u00e9<\/li>\n  <\/ul>\n\n  <h2>6. Services de tiers<\/h2>\n  <p>Nous nous appuyons sur des services tiers pour faire fonctionner Bubblz, notamment des outils d'analyse, d'authentification des utilisateurs, de messagerie, de traitement de l'IA et de notifications. Ces services nous aident \u00e0 comprendre le comportement des utilisateurs, \u00e0 am\u00e9liorer les performances, \u00e0 g\u00e9rer les abonnements, \u00e0 envoyer des courriels et \u00e0 traiter tes donn\u00e9es de chat AI.<\/p>\n  <p>Certaines de tes donn\u00e9es peuvent \u00eatre trait\u00e9es par :<\/p>\n  <ul>\n    <li><strong>Firebase :<\/strong> Authentification, base de donn\u00e9es, analyse, messagerie, rapports d'accident<\/li>\n    <li><strong>PostHog :<\/strong> Analyse des produits et suivi de l'utilisation des fonctionnalit\u00e9s<\/li>\n    <li><strong>AppsFlyer :<\/strong> Installer des donn\u00e9es d'attribution et de session<\/li>\n    <li><strong>Sentinelle :<\/strong> Surveillance des accidents et des erreurs<\/li>\n    <li><strong>OneSignal :<\/strong> Notifications push<\/li>\n    <li><strong>RevenueCat :<\/strong> Gestion des abonnements<\/li>\n    <li><strong>Superwall :<\/strong> Paywall et flux d'essai<\/li>\n    <li><strong>OpenAI :<\/strong> Finalisation et mod\u00e9ration des chats par l'IA<\/li>\n    <li><strong>Mailchimp :<\/strong> Marketing par courriel (si tu as choisi de le faire)<\/li>\n    <li><strong>SendGrid \/ Amazon SES :<\/strong> Courriels transactionnels<\/li>\n    <li><strong>Google \/ Apple :<\/strong> Services de connexion OAuth<\/li>\n  <\/ul>\n  <p>Ces fournisseurs peuvent traiter tes donn\u00e9es aux \u00c9tats-Unis ou dans d'autres pays. Lorsque cela est n\u00e9cessaire, les transferts internationaux sont sauvegard\u00e9s \u00e0 l'aide de clauses contractuelles types (CCN) ou de m\u00e9canismes \u00e9quivalents.<\/p>\n\n  <h2>7. Conservation des donn\u00e9es<\/h2>\n  <p>Nous conservons les donn\u00e9es personnelles uniquement pendant la dur\u00e9e n\u00e9cessaire aux fins d\u00e9crites dans la pr\u00e9sente politique :<\/p>\n  <ul>\n    <li><strong>Profil de l'utilisateur et historique des chats :<\/strong> Jusqu'\u00e0 la suppression du compte ou apr\u00e8s 24 mois d'inactivit\u00e9.<\/li>\n    <li><strong>Analyses et journaux techniques :<\/strong> Jusqu'\u00e0 24 mois<\/li>\n    <li><strong>Dossiers d'abonnement :<\/strong> Comme requis pour la conformit\u00e9 et l'int\u00e9grit\u00e9 des comptes.<\/li>\n    <li><strong>Enregistrements de marketing par courriel :<\/strong> Jusqu'\u00e0 ce que tu te d\u00e9sinscrives ou que tu supprimes ton compte<\/li>\n  <\/ul>\n  <p>Lorsqu'un utilisateur demande la suppression de son compte, nous lan\u00e7ons \u00e9galement la suppression aupr\u00e8s de nos prestataires de services tiers, le cas \u00e9ch\u00e9ant.<\/p>\n\n  <h2>8. Tes droits (en vertu du GDPR)<\/h2>\n  <p>Si tu es un r\u00e9sident de l'Union europ\u00e9enne ou de l'Espace \u00e9conomique europ\u00e9en, tu as le droit de :<\/p>\n  <ul>\n    <li>Acc\u00e8de \u00e0 tes donn\u00e9es personnelles<\/li>\n    <li>Rectifier les donn\u00e9es inexactes ou incompl\u00e8tes<\/li>\n    <li>Demande la suppression de ton compte et de tes donn\u00e9es<\/li>\n    <li>Retirer le consentement lorsque le traitement est bas\u00e9 sur le consentement.<\/li>\n    <li>Restreindre ou s'opposer \u00e0 la fa\u00e7on dont tes donn\u00e9es sont utilis\u00e9es.<\/li>\n    <li>Porte tes donn\u00e9es (re\u00e7ois-les dans un format structur\u00e9)<\/li>\n    <li>D\u00e9pose une plainte aupr\u00e8s de ton autorit\u00e9 nationale de protection des donn\u00e9es<\/li>\n  <\/ul>\n  <p>Pour exercer tes droits, envoie-nous un courriel \u00e0 <a href=\"mailto:privacy@bubblz.ai\">privacy@bubblz.ai<\/a>. Il se peut que nous demandions une v\u00e9rification avant de r\u00e9pondre \u00e0 ta demande.<\/p>\n\n  <h2>9. Vie priv\u00e9e des enfants<\/h2>\n  <p>Bubblz n'est pas destin\u00e9 aux enfants de moins de 16 ans (dans l'Union europ\u00e9enne) ou de moins de 13 ans (aux \u00c9tats-Unis). Nous ne collectons pas sciemment des donn\u00e9es personnelles d'enfants sans le consentement de leurs parents. Si tu penses que nous avons collect\u00e9 de telles donn\u00e9es par erreur, contacte-nous pour que nous puissions les supprimer.<\/p>\n\n  <h2>10. Fonctionnalit\u00e9s de l'IA et mod\u00e9ration du contenu<\/h2>\n  <p>Bubblz utilise des services d'IA fournis par OpenAI pour alimenter l'apprentissage interactif des langues par chat. Lorsque tu utilises ces fonctionnalit\u00e9s :<\/p>\n  <ul>\n    <li>Tes donn\u00e9es peuvent \u00eatre envoy\u00e9es \u00e0 OpenAI pour \u00eatre trait\u00e9es.<\/li>\n    <li>Les messages peuvent \u00eatre temporairement conserv\u00e9s pour la mod\u00e9ration du contenu et la pr\u00e9vention des abus<\/li>\n    <li>Les entr\u00e9es sont soumises aux politiques d'utilisation d'OpenAI.<\/li>\n  <\/ul>\n  <p>Nous n'utilisons pas ces donn\u00e9es pour \u00e9tablir des profils d'utilisateurs ou \u00e0 des fins non li\u00e9es.<\/p>\n\n  <h2>11. S\u00e9curit\u00e9 des donn\u00e9es<\/h2>\n  <p>Nous mettons en \u0153uvre des mesures techniques et organisationnelles appropri\u00e9es pour prot\u00e9ger tes donn\u00e9es personnelles, notamment :<\/p>\n  <ul>\n    <li>Infrastructure cloud s\u00e9curis\u00e9e via Firebase et Google Cloud<\/li>\n    <li>Cryptage des donn\u00e9es en transit (HTTPS)<\/li>\n    <li>Contr\u00f4les d'acc\u00e8s et authentification bas\u00e9s sur les r\u00f4les<\/li>\n    <li>Surveillance des erreurs et d\u00e9tection des anomalies<\/li>\n  <\/ul>\n  <p>Nos fournisseurs tiers mettent en \u0153uvre des mesures de s\u00e9curit\u00e9 similaires et peuvent \u00eatre certifi\u00e9s selon des cadres pertinents (par exemple ISO 27001, SOC 2).<\/p>\n\n  <h2>12. Transferts internationaux de donn\u00e9es<\/h2>\n  <p>Tes donn\u00e9es peuvent \u00eatre transf\u00e9r\u00e9es et trait\u00e9es dans des pays autres que ton pays de r\u00e9sidence, y compris les \u00c9tats-Unis. Dans ce cas, nous veillons \u00e0 ce que tes droits soient prot\u00e9g\u00e9s par :<\/p>\n  <ul>\n    <li>Clauses contractuelles types (CCN), le cas \u00e9ch\u00e9ant<\/li>\n    <li>Engagements des fournisseurs en mati\u00e8re de traitement conforme au GDPR.<\/li>\n    <li>Diligence raisonnable sur les pratiques de protection des donn\u00e9es des prestataires de services.<\/li>\n  <\/ul>\n\n  <h2>13. Modifications de la pr\u00e9sente politique de confidentialit\u00e9<\/h2>\n  <p>Nous pouvons mettre \u00e0 jour cette politique de confidentialit\u00e9 de temps en temps pour refl\u00e9ter les changements dans nos pratiques ou nos obligations l\u00e9gales. Lorsque nous le ferons, nous mettrons \u00e0 jour la date de \"Derni\u00e8re mise \u00e0 jour\" en haut de cette page. Tu peux \u00e9galement \u00eatre inform\u00e9(e) des changements importants par le biais d'une messagerie in-app ou d'un e-mail.<\/p>\n  <p>Nous te recommandons de consulter p\u00e9riodiquement cette politique de confidentialit\u00e9.<\/p>\n\n  <h2>14. Nous contacter<\/h2>\n  <p>Si tu as des questions ou des pr\u00e9occupations concernant cette politique de confidentialit\u00e9 ou la fa\u00e7on dont nous traitons tes donn\u00e9es, contacte-nous \u00e0 l'adresse suivante :<\/p>\n  <p>\n    Surf City Apps LLC<br \/>\n    440 N Barranca Ave #2975<br \/>\n    Covina, CA 91723, USA<br \/>\n    Courriel : <a href=\"mailto:privacy@bubblz.ai\">privacy@bubblz.ai<\/a>\n\n  <h2>15. Repr\u00e9sentant de l'UE (GDPR - Article 27)<\/h2>\n  <p>Nous avons d\u00e9sign\u00e9 un repr\u00e9sentant dans l'UE pour traiter les demandes li\u00e9es au GDPR :<\/p>\n  <p>\n    BizLegal Ltd (sous le nom de EU Rep)<br \/>\n    27 Cork Road<br \/>\n    Midleton, Co. Cork<br \/>\n    Irlande<br \/>\n    Num\u00e9ro d'entreprise : 635921<br \/>\n    Site web : <a href=\"https:\/\/www.eurep.ie\">https:\/\/www.eurep.ie<\/a>\n  <\/p>\n\n<\/body>\n\n\n\n<\/div><\/div>\n<\/section>","protected":false},"excerpt":{"rendered":"<p>Legal Privacy &#038; Cookie Policy Effective date: 5 January 2026 Last updated: 5 January 2026 This Privacy Policy describes how Surf City Apps LLC (&#8220;we&#8221;, &#8220;us&#8221;, or &#8220;our&#8221;) collects, uses, and protects your personal data when you use the Bubblz mobile app and related services (the \u201cService\u201d). We are committed to protecting your privacy and [&hellip;]<\/p>\n","protected":false},"author":2,"featured_media":0,"parent":0,"menu_order":0,"comment_status":"closed","ping_status":"closed","template":"","meta":{"inline_featured_image":false,"_breakdance_hide_in_design_set":false,"_breakdance_tags":"","footnotes":""},"class_list":["post-133","page","type-page","status-publish","hentry"],"yoast_head":"<!-- This site is optimized with the Yoast SEO plugin v27.4 - https:\/\/yoast.com\/product\/yoast-seo-wordpress\/ -->\n<title>Privacy &amp; Cookies &#8211; Bubblz<\/title>\n<meta name=\"description\" content=\"Master speaking a language, thanks to Bubblz\u2019s humanlike A.I. chat technology\" \/>\n<meta name=\"robots\" content=\"index, follow, max-snippet:-1, max-image-preview:large, max-video-preview:-1\" \/>\n<link rel=\"canonical\" href=\"http:\/\/44.218.186.174\/fr\/intimite\/\" \/>\n<meta property=\"og:locale\" content=\"fr_FR\" \/>\n<meta property=\"og:type\" content=\"article\" \/>\n<meta property=\"og:title\" content=\"Privacy &amp; Cookies &#8211; Bubblz\" \/>\n<meta property=\"og:description\" content=\"Master speaking a language, thanks to Bubblz\u2019s humanlike A.I. chat technology\" \/>\n<meta property=\"og:url\" content=\"http:\/\/44.218.186.174\/fr\/intimite\/\" \/>\n<meta property=\"og:site_name\" content=\"Bubblz\" \/>\n<meta property=\"article:publisher\" content=\"https:\/\/www.facebook.com\/trybubblz\" \/>\n<meta property=\"article:modified_time\" content=\"2026-01-05T10:02:28+00:00\" \/>\n<meta name=\"twitter:card\" content=\"summary_large_image\" \/>\n<meta name=\"twitter:site\" content=\"@trybubblz\" \/>\n<script type=\"application\/ld+json\" class=\"yoast-schema-graph\">{\"@context\":\"https:\\\/\\\/schema.org\",\"@graph\":[{\"@type\":\"WebPage\",\"@id\":\"http:\\\/\\\/44.218.186.174\\\/vi\\\/su-rieng-tu\\\/\",\"url\":\"http:\\\/\\\/44.218.186.174\\\/vi\\\/su-rieng-tu\\\/\",\"name\":\"Privacy & Cookies &#8211; Bubblz\",\"isPartOf\":{\"@id\":\"https:\\\/\\\/44.218.186.174\\\/es\\\/#website\"},\"datePublished\":\"2024-02-02T14:03:48+00:00\",\"dateModified\":\"2026-01-05T10:02:28+00:00\",\"description\":\"Master speaking a language, thanks to Bubblz\u2019s humanlike A.I. chat technology\",\"breadcrumb\":{\"@id\":\"http:\\\/\\\/44.218.186.174\\\/vi\\\/su-rieng-tu\\\/#breadcrumb\"},\"inLanguage\":\"fr-FR\",\"potentialAction\":[{\"@type\":\"ReadAction\",\"target\":[\"http:\\\/\\\/44.218.186.174\\\/vi\\\/su-rieng-tu\\\/\"]}]},{\"@type\":\"BreadcrumbList\",\"@id\":\"http:\\\/\\\/44.218.186.174\\\/vi\\\/su-rieng-tu\\\/#breadcrumb\",\"itemListElement\":[{\"@type\":\"ListItem\",\"position\":1,\"name\":\"Home\",\"item\":\"https:\\\/\\\/44.218.186.174\\\/es\\\/\"},{\"@type\":\"ListItem\",\"position\":2,\"name\":\"Privacy &#038; Cookies\"}]},{\"@type\":\"WebSite\",\"@id\":\"https:\\\/\\\/44.218.186.174\\\/es\\\/#website\",\"url\":\"https:\\\/\\\/44.218.186.174\\\/es\\\/\",\"name\":\"Bubblz\",\"description\":\"AI Language Practice\",\"publisher\":{\"@id\":\"https:\\\/\\\/44.218.186.174\\\/es\\\/#organization\"},\"potentialAction\":[{\"@type\":\"SearchAction\",\"target\":{\"@type\":\"EntryPoint\",\"urlTemplate\":\"https:\\\/\\\/44.218.186.174\\\/es\\\/?s={search_term_string}\"},\"query-input\":{\"@type\":\"PropertyValueSpecification\",\"valueRequired\":true,\"valueName\":\"search_term_string\"}}],\"inLanguage\":\"fr-FR\"},{\"@type\":\"Organization\",\"@id\":\"https:\\\/\\\/44.218.186.174\\\/es\\\/#organization\",\"name\":\"Bubblz\",\"url\":\"https:\\\/\\\/44.218.186.174\\\/es\\\/\",\"logo\":{\"@type\":\"ImageObject\",\"inLanguage\":\"fr-FR\",\"@id\":\"https:\\\/\\\/44.218.186.174\\\/es\\\/#\\\/schema\\\/logo\\\/image\\\/\",\"url\":\"https:\\\/\\\/bubblz.ai\\\/wp-content\\\/uploads\\\/2024\\\/02\\\/logo9.png\",\"contentUrl\":\"https:\\\/\\\/bubblz.ai\\\/wp-content\\\/uploads\\\/2024\\\/02\\\/logo9.png\",\"width\":2400,\"height\":2400,\"caption\":\"Bubblz\"},\"image\":{\"@id\":\"https:\\\/\\\/44.218.186.174\\\/es\\\/#\\\/schema\\\/logo\\\/image\\\/\"},\"sameAs\":[\"https:\\\/\\\/www.facebook.com\\\/trybubblz\",\"https:\\\/\\\/x.com\\\/trybubblz\"]}]}<\/script>\n<!-- \/ Yoast SEO plugin. -->","yoast_head_json":{"title":"Confidentialit\u00e9 et cookies - Bubblz","description":"Ma\u00eetrise une langue, gr\u00e2ce \u00e0 la technologie de chat de l'I.A. Bubblz qui ressemble \u00e0 un \u00eatre humain.","robots":{"index":"index","follow":"follow","max-snippet":"max-snippet:-1","max-image-preview":"max-image-preview:large","max-video-preview":"max-video-preview:-1"},"canonical":"http:\/\/44.218.186.174\/fr\/intimite\/","og_locale":"fr_FR","og_type":"article","og_title":"Privacy & Cookies &#8211; Bubblz","og_description":"Master speaking a language, thanks to Bubblz\u2019s humanlike A.I. chat technology","og_url":"http:\/\/44.218.186.174\/fr\/intimite\/","og_site_name":"Bubblz","article_publisher":"https:\/\/www.facebook.com\/trybubblz","article_modified_time":"2026-01-05T10:02:28+00:00","twitter_card":"summary_large_image","twitter_site":"@trybubblz","schema":{"@context":"https:\/\/schema.org","@graph":[{"@type":"WebPage","@id":"http:\/\/44.218.186.174\/vi\/su-rieng-tu\/","url":"http:\/\/44.218.186.174\/vi\/su-rieng-tu\/","name":"Confidentialit\u00e9 et cookies - Bubblz","isPartOf":{"@id":"https:\/\/44.218.186.174\/es\/#website"},"datePublished":"2024-02-02T14:03:48+00:00","dateModified":"2026-01-05T10:02:28+00:00","description":"Ma\u00eetrise une langue, gr\u00e2ce \u00e0 la technologie de chat de l'I.A. Bubblz qui ressemble \u00e0 un \u00eatre humain.","breadcrumb":{"@id":"http:\/\/44.218.186.174\/vi\/su-rieng-tu\/#breadcrumb"},"inLanguage":"fr-FR","potentialAction":[{"@type":"ReadAction","target":["http:\/\/44.218.186.174\/vi\/su-rieng-tu\/"]}]},{"@type":"BreadcrumbList","@id":"http:\/\/44.218.186.174\/vi\/su-rieng-tu\/#breadcrumb","itemListElement":[{"@type":"ListItem","position":1,"name":"Home","item":"https:\/\/44.218.186.174\/es\/"},{"@type":"ListItem","position":2,"name":"Privacy &#038; Cookies"}]},{"@type":"WebSite","@id":"https:\/\/44.218.186.174\/es\/#website","url":"https:\/\/44.218.186.174\/es\/","name":"Bubblz","description":"Pratique de la langue AI","publisher":{"@id":"https:\/\/44.218.186.174\/es\/#organization"},"potentialAction":[{"@type":"SearchAction","target":{"@type":"EntryPoint","urlTemplate":"https:\/\/44.218.186.174\/es\/?s={search_term_string}"},"query-input":{"@type":"PropertyValueSpecification","valueRequired":true,"valueName":"search_term_string"}}],"inLanguage":"fr-FR"},{"@type":"Organization","@id":"https:\/\/44.218.186.174\/es\/#organization","name":"Bubblz","url":"https:\/\/44.218.186.174\/es\/","logo":{"@type":"ImageObject","inLanguage":"fr-FR","@id":"https:\/\/44.218.186.174\/es\/#\/schema\/logo\/image\/","url":"https:\/\/bubblz.ai\/wp-content\/uploads\/2024\/02\/logo9.png","contentUrl":"https:\/\/bubblz.ai\/wp-content\/uploads\/2024\/02\/logo9.png","width":2400,"height":2400,"caption":"Bubblz"},"image":{"@id":"https:\/\/44.218.186.174\/es\/#\/schema\/logo\/image\/"},"sameAs":["https:\/\/www.facebook.com\/trybubblz","https:\/\/x.com\/trybubblz"]}]}},"_links":{"self":[{"href":"http:\/\/44.218.186.174\/fr\/wp-json\/wp\/v2\/pages\/133","targetHints":{"allow":["GET"]}}],"collection":[{"href":"http:\/\/44.218.186.174\/fr\/wp-json\/wp\/v2\/pages"}],"about":[{"href":"http:\/\/44.218.186.174\/fr\/wp-json\/wp\/v2\/types\/page"}],"author":[{"embeddable":true,"href":"http:\/\/44.218.186.174\/fr\/wp-json\/wp\/v2\/users\/2"}],"replies":[{"embeddable":true,"href":"http:\/\/44.218.186.174\/fr\/wp-json\/wp\/v2\/comments?post=133"}],"version-history":[{"count":5,"href":"http:\/\/44.218.186.174\/fr\/wp-json\/wp\/v2\/pages\/133\/revisions"}],"predecessor-version":[{"id":2084,"href":"http:\/\/44.218.186.174\/fr\/wp-json\/wp\/v2\/pages\/133\/revisions\/2084"}],"wp:attachment":[{"href":"http:\/\/44.218.186.174\/fr\/wp-json\/wp\/v2\/media?parent=133"}],"curies":[{"name":"wp","href":"https:\/\/api.w.org\/{rel}","templated":true}]}}